{"id":8,"date":"2022-02-02T16:26:00","date_gmt":"2022-02-02T16:26:00","guid":{"rendered":"https:\/\/politik.kuemin-gmbh.ch\/?page_id=8"},"modified":"2026-05-10T10:48:07","modified_gmt":"2026-05-10T10:48:07","slug":"kontakt","status":"publish","type":"page","link":"https:\/\/politik.kuemin-gmbh.ch\/","title":{"rendered":"MARCEL K\u00dcMIN"},"content":{"rendered":"\n<h2 class=\"wp-block-heading\" id=\"ihr-gemeinderat-in-uetendorf\">IHR GEMEINDERAT IN UETENDORF<\/h2>\n\n\n\n<p><\/p>\n\n\n\n<figure class=\"wp-block-image size-large\"><img decoding=\"async\" src=\"https:\/\/www.uetendorf.ch\/public\/upload\/assets\/1408\/rendition\/img_medium.jpg?fp=1603808793995\" alt=\"\"\/><figcaption>Gemeinderat Marcel K\u00fcmin im Gemeinderatszimmer (Bildquelle: Gemeinde Uetendorf &#8211; www.uetendorf.ch)<\/figcaption><\/figure>\n\n\n\n<p>Gemeinderat Marcel K\u00fcmin im Gemeinderatszimmer (Bildquelle: Gemeinde Uetendorf &#8211; www.uetendorf.ch)<\/p>\n\n\n\n<p><\/p>\n\n\n\n<p>Seit 2018 darf ich im Gemeinderat Uetendorf mitwirken. Seit Beginn f\u00fchre ich die Ressorts Liegenschaften und Kultur.<\/p>\n\n\n\n<p>Dabei haben wir bereits einige Projekte in Angriff genommen oder abgeschlossen.<\/p>\n\n\n\n<p>Abgeschlossene Projekte (Auswahl):<\/p>\n\n\n\n<ul class=\"wp-block-list\"><li><a href=\"https:\/\/www.uetendorf.ch\/dorfleben\/kultur-freizeit\/uetendorfkulturtage\/kulturtage-2019.html\/352\" target=\"_blank\" rel=\"noreferrer noopener\">uetenDORFkulturTAGE 2019<\/a><\/li><li>uetenDORFkulturTAGE 2021<\/li><li><a href=\"https:\/\/www.uetendorf.ch\/dorfleben\/kultur-freizeit\/unterwegs.html\/268\" target=\"_blank\" rel=\"noreferrer noopener\">Uetendorf UnterWEGs<\/a><\/li><li>Sanierung Klassenzimmer Schulhaus Riedern 1+2<\/li><\/ul>\n\n\n\n<p><\/p>\n\n\n\n<p>Aktuelle Projekte:<\/p>\n\n\n\n<ul class=\"wp-block-list\"><li>Sanierung Hallenbad Riedern 2<\/li><li>Neuzuz\u00fcger- und Sportlerehrungsanlass (j\u00e4hrlich)<\/li><li>Bundesfeier (j\u00e4hrlich)<\/li><\/ul>\n\n\n\n<p><\/p>\n\n\n\n<p><\/p>\n\n\n\n<h2 class=\"wp-block-heading\" id=\"ihr-kandidat-fur-den-grossen-rat-kantonale-wahlen-am-27-03-2022\">IHR KANDIDAT F\u00dcR DEN GROSSEN RAT (KANTONALE WAHLEN AM 27.03.2022)<\/h2>\n\n\n\n<figure class=\"wp-block-image size-full\"><img loading=\"lazy\" decoding=\"async\" width=\"532\" height=\"777\" src=\"https:\/\/politik.kuemin-gmbh.ch\/wp-content\/uploads\/2022\/02\/Web-Plakat-Kuemin.jpg\" alt=\"\" class=\"wp-image-50\" srcset=\"https:\/\/politik.kuemin-gmbh.ch\/wp-content\/uploads\/2022\/02\/Web-Plakat-Kuemin.jpg 532w, https:\/\/politik.kuemin-gmbh.ch\/wp-content\/uploads\/2022\/02\/Web-Plakat-Kuemin-205x300.jpg 205w\" sizes=\"auto, (max-width: 532px) 100vw, 532px\" \/><figcaption>Ihr Kandidat f\u00fcr den Grossen Rat<\/figcaption><\/figure>\n\n\n\n<p>Gerne kandidiere ich an den kommenden Wahlen f\u00fcr den Grossen Rat.<\/p>\n\n\n\n<p>Meine Schwerpunkte sind:<\/p>\n\n\n\n<ul class=\"wp-block-list\"><li>Finanzpolitik: <strong>tiefe Steuerbelastung <\/strong>f\u00fcr Private und Unternehmen<\/li><li>Sicherheitspolitik: <strong>gen\u00fcgend Ressourcen <\/strong>f\u00fcr die Pr\u00e4vention, die Strafverfolgung und Bew\u00e4ltigung von Konflikten<\/li><li>Verkehrspolitik: gute Voraussetzungen f\u00fcr den \u00d6V <strong>und<\/strong> den privaten Motorverkehr<\/li><li>Bildungspolitik: angemessene <strong>Aus- und Weiterbildungsm\u00f6glichkeiten<\/strong> f\u00fcr alle B\u00fcrgerinnen und B\u00fcrger<\/li><\/ul>\n\n\n\n<p><\/p>\n\n\n\n<h2 class=\"wp-block-heading\" id=\"kontakt\">KONTAKT<\/h2>\n\n\n\n<p><\/p>\n\n\n\n<p>Wenn Sie mich kontaktieren wollen, dann melden Sie sich bei gemeinderat_kuemin@bluewin.ch. Ich freue mich auf Ihre Kontaktaufnahme.<\/p>\n","protected":false},"excerpt":{"rendered":"<p>IHR GEMEINDERAT IN UETENDORF Gemeinderat Marcel K\u00fcmin im Gemeinderatszimmer (Bildquelle: Gemeinde Uetendorf &#8211; www.uetendorf.ch) Seit 2018 darf ich im Gemeinderat Uetendorf mitwirken. Seit Beginn f\u00fchre ich die Ressorts Liegenschaften und Kultur. Dabei haben wir bereits einige Projekte in Angriff genommen oder abgeschlossen. Abgeschlossene Projekte (Auswahl): uetenDORFkulturTAGE 2019 uetenDORFkulturTAGE 2021 Uetendorf UnterWEGs Sanierung Klassenzimmer Schulhaus Riedern [&hellip;]<\/p>\n","protected":false},"author":1,"featured_media":0,"parent":0,"menu_order":0,"comment_status":"closed","ping_status":"closed","template":"","meta":{"footnotes":""},"class_list":["post-8","page","type-page","status-publish","hentry"],"yoast_head":"<!-- This site is optimized with the Yoast SEO plugin v27.6 - https:\/\/yoast.com\/product\/yoast-seo-wordpress\/ -->\n<title>MARCEL K\u00dcMIN - F\u00fchrungserfahren. Entscheidungsstark. Vielseitig interessiert.<\/title>\n<meta name=\"description\" content=\"Gemeinderat K\u00fcmin, Uetendorf,\" \/>\n<meta name=\"robots\" content=\"index, follow, max-snippet:-1, max-image-preview:large, max-video-preview:-1\" \/>\n<link rel=\"canonical\" href=\"https:\/\/politik.kuemin-gmbh.ch\/\" \/>\n<meta property=\"og:locale\" content=\"de_DE\" \/>\n<meta property=\"og:type\" content=\"article\" \/>\n<meta property=\"og:title\" content=\"MARCEL K\u00dcMIN - F\u00fchrungserfahren. Entscheidungsstark. Vielseitig interessiert.\" \/>\n<meta property=\"og:description\" content=\"Gemeinderat K\u00fcmin, Uetendorf,\" \/>\n<meta property=\"og:url\" content=\"https:\/\/politik.kuemin-gmbh.ch\/\" \/>\n<meta property=\"og:site_name\" content=\"F\u00fchrungserfahren. Entscheidungsstark. Vielseitig interessiert.\" \/>\n<meta property=\"article:modified_time\" content=\"2026-05-10T10:48:07+00:00\" \/>\n<meta property=\"og:image\" content=\"https:\/\/www.uetendorf.ch\/public\/upload\/assets\/1408\/rendition\/img_medium.jpg?fp=1603808793995\" \/>\n<meta name=\"twitter:card\" content=\"summary_large_image\" \/>\n<meta name=\"twitter:label1\" content=\"Gesch\u00e4tzte Lesezeit\" \/>\n\t<meta name=\"twitter:data1\" content=\"2\u00a0Minuten\" \/>\n<script type=\"application\/ld+json\" class=\"yoast-schema-graph\">{\"@context\":\"https:\\\/\\\/schema.org\",\"@graph\":[{\"@type\":\"WebPage\",\"@id\":\"https:\\\/\\\/politik.kuemin-gmbh.ch\\\/\",\"url\":\"https:\\\/\\\/politik.kuemin-gmbh.ch\\\/\",\"name\":\"MARCEL K\u00dcMIN - F\u00fchrungserfahren. Entscheidungsstark. Vielseitig interessiert.\",\"isPartOf\":{\"@id\":\"https:\\\/\\\/politik.kuemin-gmbh.ch\\\/#website\"},\"primaryImageOfPage\":{\"@id\":\"https:\\\/\\\/politik.kuemin-gmbh.ch\\\/#primaryimage\"},\"image\":{\"@id\":\"https:\\\/\\\/politik.kuemin-gmbh.ch\\\/#primaryimage\"},\"thumbnailUrl\":\"https:\\\/\\\/www.uetendorf.ch\\\/public\\\/upload\\\/assets\\\/1408\\\/rendition\\\/img_medium.jpg?fp=1603808793995\",\"datePublished\":\"2022-02-02T16:26:00+00:00\",\"dateModified\":\"2026-05-10T10:48:07+00:00\",\"description\":\"Gemeinderat K\u00fcmin, Uetendorf,\",\"breadcrumb\":{\"@id\":\"https:\\\/\\\/politik.kuemin-gmbh.ch\\\/#breadcrumb\"},\"inLanguage\":\"de-CH\",\"potentialAction\":[{\"@type\":\"ReadAction\",\"target\":[\"https:\\\/\\\/politik.kuemin-gmbh.ch\\\/\"]}]},{\"@type\":\"ImageObject\",\"inLanguage\":\"de-CH\",\"@id\":\"https:\\\/\\\/politik.kuemin-gmbh.ch\\\/#primaryimage\",\"url\":\"https:\\\/\\\/www.uetendorf.ch\\\/public\\\/upload\\\/assets\\\/1408\\\/rendition\\\/img_medium.jpg?fp=1603808793995\",\"contentUrl\":\"https:\\\/\\\/www.uetendorf.ch\\\/public\\\/upload\\\/assets\\\/1408\\\/rendition\\\/img_medium.jpg?fp=1603808793995\"},{\"@type\":\"BreadcrumbList\",\"@id\":\"https:\\\/\\\/politik.kuemin-gmbh.ch\\\/#breadcrumb\",\"itemListElement\":[{\"@type\":\"ListItem\",\"position\":1,\"name\":\"Home\",\"item\":\"https:\\\/\\\/politik.kuemin-gmbh.ch\\\/\"},{\"@type\":\"ListItem\",\"position\":2,\"name\":\"MARCEL K\u00dcMIN\"}]},{\"@type\":\"WebSite\",\"@id\":\"https:\\\/\\\/politik.kuemin-gmbh.ch\\\/#website\",\"url\":\"https:\\\/\\\/politik.kuemin-gmbh.ch\\\/\",\"name\":\"F\u00fchrungserfahren. Entscheidungsstark. Vielseitig interessiert.\",\"description\":\"Gemeinderat Marcel K\u00fcmin\",\"potentialAction\":[{\"@type\":\"SearchAction\",\"target\":{\"@type\":\"EntryPoint\",\"urlTemplate\":\"https:\\\/\\\/politik.kuemin-gmbh.ch\\\/?s={search_term_string}\"},\"query-input\":{\"@type\":\"PropertyValueSpecification\",\"valueRequired\":true,\"valueName\":\"search_term_string\"}}],\"inLanguage\":\"de-CH\"}]}<\/script>\n<!-- \/ Yoast SEO plugin. -->","yoast_head_json":{"title":"MARCEL K\u00dcMIN - F\u00fchrungserfahren. Entscheidungsstark. Vielseitig interessiert.","description":"Gemeinderat K\u00fcmin, Uetendorf,","robots":{"index":"index","follow":"follow","max-snippet":"max-snippet:-1","max-image-preview":"max-image-preview:large","max-video-preview":"max-video-preview:-1"},"canonical":"https:\/\/politik.kuemin-gmbh.ch\/","og_locale":"de_DE","og_type":"article","og_title":"MARCEL K\u00dcMIN - F\u00fchrungserfahren. Entscheidungsstark. Vielseitig interessiert.","og_description":"Gemeinderat K\u00fcmin, Uetendorf,","og_url":"https:\/\/politik.kuemin-gmbh.ch\/","og_site_name":"F\u00fchrungserfahren. Entscheidungsstark. Vielseitig interessiert.","article_modified_time":"2026-05-10T10:48:07+00:00","og_image":[{"url":"https:\/\/www.uetendorf.ch\/public\/upload\/assets\/1408\/rendition\/img_medium.jpg?fp=1603808793995","type":"","width":"","height":""}],"twitter_card":"summary_large_image","twitter_misc":{"Gesch\u00e4tzte Lesezeit":"2\u00a0Minuten"},"schema":{"@context":"https:\/\/schema.org","@graph":[{"@type":"WebPage","@id":"https:\/\/politik.kuemin-gmbh.ch\/","url":"https:\/\/politik.kuemin-gmbh.ch\/","name":"MARCEL K\u00dcMIN - F\u00fchrungserfahren. Entscheidungsstark. Vielseitig interessiert.","isPartOf":{"@id":"https:\/\/politik.kuemin-gmbh.ch\/#website"},"primaryImageOfPage":{"@id":"https:\/\/politik.kuemin-gmbh.ch\/#primaryimage"},"image":{"@id":"https:\/\/politik.kuemin-gmbh.ch\/#primaryimage"},"thumbnailUrl":"https:\/\/www.uetendorf.ch\/public\/upload\/assets\/1408\/rendition\/img_medium.jpg?fp=1603808793995","datePublished":"2022-02-02T16:26:00+00:00","dateModified":"2026-05-10T10:48:07+00:00","description":"Gemeinderat K\u00fcmin, Uetendorf,","breadcrumb":{"@id":"https:\/\/politik.kuemin-gmbh.ch\/#breadcrumb"},"inLanguage":"de-CH","potentialAction":[{"@type":"ReadAction","target":["https:\/\/politik.kuemin-gmbh.ch\/"]}]},{"@type":"ImageObject","inLanguage":"de-CH","@id":"https:\/\/politik.kuemin-gmbh.ch\/#primaryimage","url":"https:\/\/www.uetendorf.ch\/public\/upload\/assets\/1408\/rendition\/img_medium.jpg?fp=1603808793995","contentUrl":"https:\/\/www.uetendorf.ch\/public\/upload\/assets\/1408\/rendition\/img_medium.jpg?fp=1603808793995"},{"@type":"BreadcrumbList","@id":"https:\/\/politik.kuemin-gmbh.ch\/#breadcrumb","itemListElement":[{"@type":"ListItem","position":1,"name":"Home","item":"https:\/\/politik.kuemin-gmbh.ch\/"},{"@type":"ListItem","position":2,"name":"MARCEL K\u00dcMIN"}]},{"@type":"WebSite","@id":"https:\/\/politik.kuemin-gmbh.ch\/#website","url":"https:\/\/politik.kuemin-gmbh.ch\/","name":"F\u00fchrungserfahren. Entscheidungsstark. Vielseitig interessiert.","description":"Gemeinderat Marcel K\u00fcmin","potentialAction":[{"@type":"SearchAction","target":{"@type":"EntryPoint","urlTemplate":"https:\/\/politik.kuemin-gmbh.ch\/?s={search_term_string}"},"query-input":{"@type":"PropertyValueSpecification","valueRequired":true,"valueName":"search_term_string"}}],"inLanguage":"de-CH"}]}},"jetpack_sharing_enabled":true,"_links":{"self":[{"href":"https:\/\/politik.kuemin-gmbh.ch\/index.php\/wp-json\/wp\/v2\/pages\/8","targetHints":{"allow":["GET"]}}],"collection":[{"href":"https:\/\/politik.kuemin-gmbh.ch\/index.php\/wp-json\/wp\/v2\/pages"}],"about":[{"href":"https:\/\/politik.kuemin-gmbh.ch\/index.php\/wp-json\/wp\/v2\/types\/page"}],"author":[{"embeddable":true,"href":"https:\/\/politik.kuemin-gmbh.ch\/index.php\/wp-json\/wp\/v2\/users\/1"}],"replies":[{"embeddable":true,"href":"https:\/\/politik.kuemin-gmbh.ch\/index.php\/wp-json\/wp\/v2\/comments?post=8"}],"version-history":[{"count":14,"href":"https:\/\/politik.kuemin-gmbh.ch\/index.php\/wp-json\/wp\/v2\/pages\/8\/revisions"}],"predecessor-version":[{"id":65,"href":"https:\/\/politik.kuemin-gmbh.ch\/index.php\/wp-json\/wp\/v2\/pages\/8\/revisions\/65"}],"wp:attachment":[{"href":"https:\/\/politik.kuemin-gmbh.ch\/index.php\/wp-json\/wp\/v2\/media?parent=8"}],"curies":[{"name":"wp","href":"https:\/\/api.w.org\/{rel}","templated":true}]}}